{"id":20,"date":"2015-10-15T10:31:27","date_gmt":"2015-10-15T08:31:27","guid":{"rendered":"http:\/\/www.dgfw.info\/de\/?page_id=20"},"modified":"2024-05-23T10:09:57","modified_gmt":"2024-05-23T08:09:57","slug":"praesidium","status":"publish","type":"page","link":"http:\/\/www.dgfw.info\/de\/praesidium\/","title":{"rendered":"Pr\u00e4sidium"},"content":{"rendered":"\n<div class=\"wp-block-columns is-layout-flex wp-container-2 wp-block-columns-is-layout-flex\">\n<div class=\"wp-block-column is-layout-flow wp-block-column-is-layout-flow\" style=\"flex-basis:100%\">\n<p>Die Deutsche Gesellschaft f\u00fcr Wahlforschung wird von einem elfk\u00f6pfigen Pr\u00e4sidium gef\u00fchrt, aus dessen Mitte ein vierk\u00f6pfiger Vorstand gew\u00e4hlt wird.<\/p>\n<p>Das DGfW-Pr\u00e4sidium bilden derzeit:<\/p>\n<div class=\"person\">\n<h3>Prof. Dr. Sigrid Ro\u00dfteutscher<\/h3>\n<p>Goethe-Universit\u00e4t Frankfurt aM<br \/><em>(Vorsitzende)<\/em><br \/>(<a href=\"http:\/\/www.fb03.uni-frankfurt.de\/44510336\/srossteutscher\" target=\"_blank\" rel=\"noopener\"><u>Homepage<\/u><\/a>)<\/p>\n<\/div>\n<div class=\"person\">\n<h3>Prof. Dr. Marc Debus<\/h3>\n<p>Universit\u00e4t Mannheim<br \/><em>(Stellvertretender Vorsitzender)<\/em><br \/>(<a href=\"https:\/\/www.sowi.uni-mannheim.de\/debus\/team\/lehrstuhlinhaber\/\" target=\"_blank\" rel=\"noopener\"><u>Homepage<\/u><\/a>)<\/p>\n<\/div>\n<div class=\"person\">\n<h3>Prof. Dr. Thorsten Faas<\/h3>\n<p>Freie Universit\u00e4t Berlin<br \/><em>(Stellvertretender Vorsitzender, Schatzmeister)<\/em><br \/>(<a href=\"https:\/\/www.polsoz.fu-berlin.de\/polwiss\/forschung\/systeme\/empsoz\/team\/Faas.html\" target=\"_blank\" rel=\"noopener\"><u>Homepage<\/u><\/a>)<\/p>\n<\/div>\n<div class=\"person\">\n<h3>Prof. Dr. Harald Schoen<\/h3>\n<p>Universit\u00e4t Manneim<br \/><em>(stellvertretender Vorsitzender, Schriftf\u00fchrer)<\/em><br \/>(<a href=\"http:\/\/lspwpp.sowi.uni-mannheim.de\/team\/lehrstuhlinhaber\/\" target=\"_blank\" rel=\"noopener\"><u>Homepage<\/u><\/a>)<\/p>\n<\/div>\n<div class=\"person\">\n<h3>Prof. Dr. Kathrin Ackermann<\/h3>\n<p>Universit\u00e4t Siegen<br \/>(<a href=\"https:\/\/www.uni-siegen.de\/phil\/sozialwissenschaften\/politik\/mitarbeiter\/ackermann_kathrin\/?lang=de\" target=\"_blank\" rel=\"noopener\">Homepage<\/a>)<\/p>\n<h3>Prof. Dr. Kai Arzheimer<\/h3>\n<p>Universit\u00e4t Mainz<br \/>(<a href=\"https:\/\/innen.politik.uni-mainz.de\/univ-prof-dr-kai-arzheimer\/\" target=\"_blank\" rel=\"noopener\"><u>Homepage<\/u><\/a>)<\/p>\n<\/div>\n<div class=\"person\">\n<h3>Dr. Heiko Giebler<\/h3>\n<p>Wissenschaftszentrum Berlin f\u00fcr Sozialforschung<br \/>(<a href=\"https:\/\/www.wzb.eu\/de\/personen\/heiko-giebler\" target=\"_blank\" rel=\"noopener\">Homepage<\/a>)<\/p>\n<h3>Prof. Dr. Sascha Huber<\/h3>\n<p>Universit\u00e4t Mainz<br \/>(<a href=\"https:\/\/methoden.politik.uni-mainz.de\/dr-sascha-huber-vertretungsprofessor\/\" target=\"_blank\" rel=\"noopener\"><u>Homepage<\/u><\/a>)<\/p>\n<\/div>\n<div class=\"person\">\n<h3>Dr. Mona Krewel<\/h3>\n<p>Victoria University of Wellington<br \/>(<a href=\"https:\/\/www.wgtn.ac.nz\/hppi\/about\/staff\/mona-krewel\" target=\"_blank\" rel=\"noopener\"><u>Homepage<\/u><\/a>)<\/p>\n<\/div>\n<div class=\"person\">\n<h3>Prof. Dr. Sabrina Mayer<\/h3>\n<p>Universit\u00e4t Bamberg<br \/>(<a href=\"https:\/\/www.uni-bamberg.de\/polsoz\/team\/sabrina-mayer\/\" target=\"_blank\" rel=\"noopener\"><u>Homepage<\/u><\/a>)<\/p>\n<\/div>\n<div class=\"person\">\n<h3>PD Dr. Aiko Wagner<\/h3>\n<p>Freie Universit\u00e4t Berlin<br \/><a href=\"https:\/\/www.polsoz.fu-berlin.de\/polwiss\/forschung\/systeme\/empsoz\/team\/Fellows\/AW.html\" target=\"_blank\" rel=\"noopener\">(<u>Homepage<\/u>)<\/a><\/p>\n<\/div>\n<div class=\"person\">\n<p>\u00a0<\/p>\n<\/div>\n<\/div>\n<\/div>\n","protected":false},"excerpt":{"rendered":"<p>Die Deutsche Gesellschaft f\u00fcr Wahlforschung wird von einem elfk\u00f6pfigen Pr\u00e4sidium gef\u00fchrt, aus dessen Mitte ein vierk\u00f6pfiger Vorstand gew\u00e4hlt wird. Das DGfW-Pr\u00e4sidium bilden derzeit: Prof. Dr. Sigrid Ro\u00dfteutscher Goethe-Universit\u00e4t Frankfurt aM(Vorsitzende)(Homepage) <a class=\"more-link\" href=\"http:\/\/www.dgfw.info\/de\/praesidium\/\">Continue Reading &amp;amp;amp;amp;amp;amp;amp;amp;amp;amp;amp;amp;amp;amp;amp;amp;amp;amp;amp;amp;amp;rarr;<\/a><\/p>\n","protected":false},"author":1,"featured_media":0,"parent":0,"menu_order":0,"comment_status":"closed","ping_status":"closed","template":"","meta":{"footnotes":""},"_links":{"self":[{"href":"http:\/\/www.dgfw.info\/de\/wp-json\/wp\/v2\/pages\/20"}],"collection":[{"href":"http:\/\/www.dgfw.info\/de\/wp-json\/wp\/v2\/pages"}],"about":[{"href":"http:\/\/www.dgfw.info\/de\/wp-json\/wp\/v2\/types\/page"}],"author":[{"embeddable":true,"href":"http:\/\/www.dgfw.info\/de\/wp-json\/wp\/v2\/users\/1"}],"replies":[{"embeddable":true,"href":"http:\/\/www.dgfw.info\/de\/wp-json\/wp\/v2\/comments?post=20"}],"version-history":[{"count":30,"href":"http:\/\/www.dgfw.info\/de\/wp-json\/wp\/v2\/pages\/20\/revisions"}],"predecessor-version":[{"id":464,"href":"http:\/\/www.dgfw.info\/de\/wp-json\/wp\/v2\/pages\/20\/revisions\/464"}],"wp:attachment":[{"href":"http:\/\/www.dgfw.info\/de\/wp-json\/wp\/v2\/media?parent=20"}],"curies":[{"name":"wp","href":"https:\/\/api.w.org\/{rel}","templated":true}]}}