{"id":27,"date":"2015-10-15T10:31:06","date_gmt":"2015-10-15T08:31:06","guid":{"rendered":"http:\/\/www.dgfw.info\/de\/?page_id=27"},"modified":"2016-07-20T12:09:13","modified_gmt":"2016-07-20T10:09:13","slug":"datendownload","status":"publish","type":"page","link":"http:\/\/www.dgfw.info\/de\/datendownload\/","title":{"rendered":"Datendownload"},"content":{"rendered":"<h3>Datens\u00e4tze der German Longitudinal Election Study 2009 und 2013<\/h3>\n<p>Datens\u00e4tze aus Studienteilen der GLES k\u00f6nnen nach Registrierung unter folgender Adresse bei GESIS heruntergeladen werden:<\/p>\n<p><a href=\"http:\/\/www.gesis.org\/wahlen\/gles\/\" target=\"_blank\"><u><span style=>http:\/\/www.gesis.org\/wahlen\/gles\/<\/span><\/u><\/a><\/p>\n<div class=\"newsframe\">\n<\/div>\n","protected":false},"excerpt":{"rendered":"<p>Datens\u00e4tze der German Longitudinal Election Study 2009 und 2013 Datens\u00e4tze aus Studienteilen der GLES k\u00f6nnen nach Registrierung unter folgender Adresse bei GESIS heruntergeladen werden: http:\/\/www.gesis.org\/wahlen\/gles\/<\/p>\n","protected":false},"author":1,"featured_media":0,"parent":0,"menu_order":0,"comment_status":"closed","ping_status":"closed","template":"","meta":{"footnotes":""},"_links":{"self":[{"href":"http:\/\/www.dgfw.info\/de\/wp-json\/wp\/v2\/pages\/27"}],"collection":[{"href":"http:\/\/www.dgfw.info\/de\/wp-json\/wp\/v2\/pages"}],"about":[{"href":"http:\/\/www.dgfw.info\/de\/wp-json\/wp\/v2\/types\/page"}],"author":[{"embeddable":true,"href":"http:\/\/www.dgfw.info\/de\/wp-json\/wp\/v2\/users\/1"}],"replies":[{"embeddable":true,"href":"http:\/\/www.dgfw.info\/de\/wp-json\/wp\/v2\/comments?post=27"}],"version-history":[{"count":6,"href":"http:\/\/www.dgfw.info\/de\/wp-json\/wp\/v2\/pages\/27\/revisions"}],"predecessor-version":[{"id":217,"href":"http:\/\/www.dgfw.info\/de\/wp-json\/wp\/v2\/pages\/27\/revisions\/217"}],"wp:attachment":[{"href":"http:\/\/www.dgfw.info\/de\/wp-json\/wp\/v2\/media?parent=27"}],"curies":[{"name":"wp","href":"https:\/\/api.w.org\/{rel}","templated":true}]}}