{"id":29,"date":"2015-10-15T10:31:45","date_gmt":"2015-10-15T08:31:45","guid":{"rendered":"http:\/\/www.dgfw.info\/de\/?page_id=29"},"modified":"2022-03-15T10:54:24","modified_gmt":"2022-03-15T09:54:24","slug":"links","status":"publish","type":"page","link":"http:\/\/www.dgfw.info\/de\/links\/","title":{"rendered":"Links"},"content":{"rendered":"<p>Trotz sorgf\u00e4ltiger inhaltlicher Kontrolle wird f\u00fcr die Inhalte externer Links keine Haftung \u00fcbernommen.<\/p>\n<p><a href=\"http:\/\/www.ratswd.de\/\" target=\"_blank&gt;Rat f\u00fcr Sozial- und WirtschaftsDaten&lt;\/a&gt;&lt;\/strong&gt;&lt;br \/&gt; &lt;a href=\" download=\"\"><u><span style=><strong>Beschluss<\/strong><\/span><\/u><\/a><strong> des Rates f\u00fcr Sozial- und Wirtschaftsdaten (RatSWD) zur Einf\u00fchrung einer nationalen Wahlstudie (PDF, 132 kB) <\/strong><\/p>\n<ul>\n<h3>Links zu Wahlstudien in anderen L\u00e4ndern<\/h3>\n<ul class=\"linklist\">\n<li><strong>Australien<\/strong><br \/>\nAustralian Election Study (AES)<br \/>\n<a href=\"https:\/\/www.acspri.org.au\/aussa\" target=\"_blank\"><u><span style=>www.acspri.org.au\/aussa<\/span><\/u><\/a><\/li>\n<li><strong>D\u00e4nemark<\/strong><br \/>\n\tDanish Election Study<br \/>\n<a href=\"https:\/\/www.valgprojektet.dk\/default.asp?l=eng\" target=\"_blank\"><u><span style=>www.valgprojektet.dk\/<\/span><\/u><\/a><\/li>\n<li><strong> Griechenland<\/strong><br \/>\nHellenic National Election Studies<br \/>\n<a href=\"http:\/\/www.elnes.gr\/\" target=\"_blank\"><u><span style=>http:\/\/www.elnes.gr\/<\/span><\/u><\/a><\/li>\n<li><strong>Gro\u00dfbritannien<\/strong><br \/>\nBritish Election Study (BES)<br \/>\n<a href=\"http:\/\/bes2009-10.org\/\" target=\"_blank\"><u><span style=>bes2009-10.org\/<\/span><\/u><\/a><\/li>\n<li><strong>Israel<\/strong><br \/>\nThe Israel National Election Studies (INES)<br \/>\n<a href=\"http:\/\/www.ines.tau.ac.il\/\" target=\"_blank\"><u><span style=>www.ines.tau.ac.il\/<\/span><\/u><\/a><\/li>\n<li><strong>Italien<\/strong><br \/>\nItalian National Election Study (ITANES)<br \/>\n<a href=\"http:\/\/www.itanes.org\/en\/\" target=\"_blank\"><u><span style=>www.itanes.org<\/span><\/u><\/a><\/li>\n<li><strong>Japan<\/strong><br \/>\nJapanese Election Study (JES)<br \/>\n<a href=\"https:\/\/jesproject.wixsite.com\/jesproject\" target=\"_blank\"><u><span style=>https:\/\/jesproject.wixsite.com\/jesproject<\/span><\/u><\/a><\/li>\n<li><strong>Kanada<\/strong><br \/>\nCanadian Election Study<br \/>\n<a href=\"https:\/\/ces-eec.arts.ubc.ca\/\" target=\"_blank\"><u><span style=>https:\/\/ces-eec.arts.ubc.ca\/<\/span><\/u><\/a><\/li>\n<li><strong>Neuseeland<\/strong><br \/>\nNew Zealand Election Study (NZES)<br \/>\n<a href=\"http:\/\/www.nzes.org\/\" target=\"_blank\"><u><span style=>www.nzes.org\/<\/span><\/u><\/a><\/li>\n<li><strong>Niederlande<\/strong><br \/>\nDutch Parliamentary Election Study (DPES)<br \/>\n<a href=\"http:\/\/www.dpes.nl\/\" target=\"_blank\"><u><span style=>hwww.dpes.nl\/<\/span><\/u><\/a><\/li>\n<li><strong>Norwegen<\/strong><br \/>\nNorwegian Election Studies<br \/>\n<a href=\"https:\/\/www.samfunnsforskning.no\/english\/our-research\/elections-and-democracy\/\" target=\"_blank\"><u><span style=>https:\/\/www.samfunnsforskning.no\/english\/our-research\/elections-and-democracy\/<\/span><\/u><\/a><\/li>\n<li><strong>\u00d6sterreich<\/strong><br \/>\nAustrian National Election Studies (ANES)<br \/>\n<a href=\"http:\/\/www.autnes.at\/\/?q=de\/\" target=\"_blank\"><u><span style=>www.autnes.at\/<\/span><\/u><\/a><\/li>\n<li><strong>Portugal<\/strong><br \/>\n&#8222;Elections, Leadership and Accountability: Political Representation in Portugal&#8220;<br \/>\n<a href=\"http:\/\/er.cies.iscte-iul.pt\/\" target=\"_blank\"><u><span style=>http:\/\/er.cies.iscte-iul.pt\/\/<\/span><\/u><\/a><\/li>\n<li><strong>Schweden<\/strong><br \/>\nSwedish National Election Studies (SNES)<br \/>\n<a href=\"http:\/\/www.valforskning.pol.gu.se\/\" target=\"_blank\"><u><span style=>www.valforskning.pol.gu.se\/<\/span><\/u><\/a><\/li>\n<li><strong>Schweiz<\/strong><br \/>\nSwiss Electoral Studies (SELECTS)<br \/>\n<a href=\"https:\/\/forscenter.ch\/projekte\/selects\/?lang=de\" target=\"_blank\"><u><span style=>https:\/\/forscenter.ch\/projekte\/selects\/?lang=de<\/span><\/u><\/a><\/li>\n<li><strong>USA<\/strong><br \/>\nAmerican National Election Study (ANES)<br \/>\n<a href=\"http:\/\/www.electionstudies.org\/\" target=\"_blank\"><u><span style=>www.electionstudies.org\/<\/span><\/u><\/a><\/li>\n<li><strong>Comparative National Elections Project (CNEP)<\/strong><br \/>\n<a href=\"http:\/\/u.osu.edu\/cnep\/\" target=\"_blank\"><u><span style=>www.u.osu.edu\/cnep\/<\/span><\/u><\/a><\/li>\n<li><strong>Comparative Study of Electoral Systems (CSES)<\/strong><br \/>\n<a href=\"https:\/\/cses.org\/\" target=\"_blank\"><u><span style=>www.cses.org\/<\/span><\/u><\/a><\/li>\n<li><strong>European Election Studies (EES)<\/strong><br \/>\n<a href=\"http:\/\/www.europeanelectionstudies.net\/\" target=\"_blank\"><u><span style=>www.europeanelectionstudies.net\/<\/span><\/u><\/a><\/li>\n<li><strong>Providing an Infrastructure for Research on Electoral Democracy in the European Union (PIREDEU)<\/strong><br \/>\n<a href=\"http:\/\/www.piredeu.eu\/\" target=\"_blank\"><u><span style=>http:\/\/www.piredeu.eu\/<\/span><\/u><\/a><\/li>\n<\/ul>\n","protected":false},"excerpt":{"rendered":"<p>Trotz sorgf\u00e4ltiger inhaltlicher Kontrolle wird f\u00fcr die Inhalte externer Links keine Haftung \u00fcbernommen. Beschluss des Rates f\u00fcr Sozial- und Wirtschaftsdaten (RatSWD) zur Einf\u00fchrung einer nationalen Wahlstudie (PDF, 132 kB) Links <a class=\"more-link\" href=\"http:\/\/www.dgfw.info\/de\/links\/\">Continue Reading &amp;amp;amp;amp;amp;amp;amp;amp;amp;amp;amp;amp;amp;amp;amp;amp;amp;amp;amp;amp;amp;rarr;<\/a><\/p>\n","protected":false},"author":1,"featured_media":0,"parent":0,"menu_order":0,"comment_status":"closed","ping_status":"closed","template":"","meta":{"footnotes":""},"_links":{"self":[{"href":"http:\/\/www.dgfw.info\/de\/wp-json\/wp\/v2\/pages\/29"}],"collection":[{"href":"http:\/\/www.dgfw.info\/de\/wp-json\/wp\/v2\/pages"}],"about":[{"href":"http:\/\/www.dgfw.info\/de\/wp-json\/wp\/v2\/types\/page"}],"author":[{"embeddable":true,"href":"http:\/\/www.dgfw.info\/de\/wp-json\/wp\/v2\/users\/1"}],"replies":[{"embeddable":true,"href":"http:\/\/www.dgfw.info\/de\/wp-json\/wp\/v2\/comments?post=29"}],"version-history":[{"count":24,"href":"http:\/\/www.dgfw.info\/de\/wp-json\/wp\/v2\/pages\/29\/revisions"}],"predecessor-version":[{"id":437,"href":"http:\/\/www.dgfw.info\/de\/wp-json\/wp\/v2\/pages\/29\/revisions\/437"}],"wp:attachment":[{"href":"http:\/\/www.dgfw.info\/de\/wp-json\/wp\/v2\/media?parent=29"}],"curies":[{"name":"wp","href":"https:\/\/api.w.org\/{rel}","templated":true}]}}