{"id":32,"date":"2015-10-15T10:30:47","date_gmt":"2015-10-15T08:30:47","guid":{"rendered":"http:\/\/www.dgfw.info\/de\/?page_id=32"},"modified":"2022-03-15T10:58:05","modified_gmt":"2022-03-15T09:58:05","slug":"impressum","status":"publish","type":"page","link":"http:\/\/www.dgfw.info\/de\/impressum\/","title":{"rendered":"Impressum"},"content":{"rendered":"<p>Dieses Impressum gilt f\u00fcr die Internetpr\u00e4senz unter den Adressen <a href=\"http:\/\/www.dgfw.info\/\"><u><span style=>dgfw.info<\/span><\/u><\/a> und <a href=\"http:\/\/www.dgfw.eu\/\"><u><span style=>dgfw.eu<\/span><\/u><\/a>.<\/p>\n<p><strong>Deutsche Gesellschaft f\u00fcr Wahlforschung e.\u00a0V. (DGfW)<\/strong><\/p>\n<p>c\/o Prof. Dr. Sigrid Rossteutscher<br \/>\nGoethe-Universit\u00e4t Frankfurt a. M.<br \/>\nFachbereich 03<br \/>\nTheodor-W.-Adorno-Platz 6<br \/>\nHauspostfach 15<br \/>\n60323 Frankfurt am Main<\/p>\n<p>Sitz des Vereins: Mannheim<br \/>\nAmtsgericht Mannheim<br \/>\nVR 700119<\/p>\n<p><strong>Vorsitzende<\/strong><br \/>\nProf. Dr. Sigrid Rossteutscher<br \/>\nUniversit\u00e4t Frankfurt<\/p>\n<h3>Datenschutzerkl\u00e4rung<\/h3>\n<p>Das Angebot der DGfW ist weitgehend nutzbar, ohne dass Sie pers\u00f6nliche Angaben machen m\u00fcssen. Wir bieten keine Newsletter-Funktion an und sind in Social Media nicht vertreten.<\/p>\n<p><em>Protokollierung der Zugriffe<\/em><br \/>\nAlle Zugriffe auf das Webseitenangebot der DGfW werden f\u00fcr maximal 14 Tage protokolliert. Erfasst werden im Wesentlichen die aktuell von Ihrem PC verwendete IP-Adresse, Datum und Uhrzeit, der Browsertyp und das Betriebssystem Ihres PCs sowie die von Ihnen betrachteten Seiten. Ein Personenbezug ist uns im Regelfall nicht m\u00f6glich und auch nicht beabsichtigt. Diese Informationen werden ausschlie\u00dflich zur Gew\u00e4hrleistung der Betriebssicherheit und f\u00fcr statistische Zwecke erhoben. Die Daten werden in anonymisierter Form aufbereitet.<br \/>\n<em>Einsatz von Cookies<\/em><br \/>\nWir verzichten auf den Einsatz von Cookies. Cookies sind Textdateien, welche \u00fcber einen Internetbrowser auf einem Computersystem abgelegt und gespeichert werden.<br \/>\n<em>Weitergabe an Dritte<\/em><br \/>\nDie DGfW gibt anonyme und personenbezogene Daten grunds\u00e4tzlich nicht an Dritte weiter, es sei denn, Sie haben dazu Ihr Einverst\u00e4ndnis gegeben oder wir sind zur Preisgabe dieser Daten aufgrund gesetzlicher oder richterlicher Anordnung verpflichtet.<br \/>\n<em>Links<\/em><br \/>\nWir verweisen gelegentlich auf die Web-Seiten Dritter. Wir haben keinen Einfluss darauf, dass diese die Datenschutzbestimmungen einhalten.<br \/>\n<em>Ihre Rechte<\/em><br \/>\nZu den \u00fcber Sie gespeicherten personenbezogenen Daten haben Sie ein Auskunftsrecht, ferner ein Recht auf Berichtigung unrichtiger Daten, ein Recht auf Sperrung und L\u00f6schung. Sie haben ein Widerspruchsrecht und ein Beschwerderecht.<br \/>\n<em>\u00c4nderung der Datenschutzerkl\u00e4rung<\/em><br \/>\nIm Zuge der Weiterentwicklung unserer Webseiten k\u00f6nnen \u00c4nderungen der Datenschutzerkl\u00e4rung erforderlich werden. Lesen Sie bitte unsere Datenschutzerkl\u00e4rung ab und zu erneut.<\/p>\n<p>&nbsp;<\/p>\n","protected":false},"excerpt":{"rendered":"<p>Dieses Impressum gilt f\u00fcr die Internetpr\u00e4senz unter den Adressen dgfw.info und dgfw.eu. Deutsche Gesellschaft f\u00fcr Wahlforschung e.\u00a0V. (DGfW) c\/o Prof. Dr. Sigrid Rossteutscher Goethe-Universit\u00e4t Frankfurt a. M. Fachbereich 03 Theodor-W.-Adorno-Platz <a class=\"more-link\" href=\"http:\/\/www.dgfw.info\/de\/impressum\/\">Continue Reading &amp;amp;amp;amp;amp;amp;amp;amp;amp;amp;amp;amp;amp;amp;amp;amp;amp;amp;amp;amp;amp;rarr;<\/a><\/p>\n","protected":false},"author":1,"featured_media":0,"parent":0,"menu_order":0,"comment_status":"closed","ping_status":"closed","template":"","meta":{"footnotes":""},"_links":{"self":[{"href":"http:\/\/www.dgfw.info\/de\/wp-json\/wp\/v2\/pages\/32"}],"collection":[{"href":"http:\/\/www.dgfw.info\/de\/wp-json\/wp\/v2\/pages"}],"about":[{"href":"http:\/\/www.dgfw.info\/de\/wp-json\/wp\/v2\/types\/page"}],"author":[{"embeddable":true,"href":"http:\/\/www.dgfw.info\/de\/wp-json\/wp\/v2\/users\/1"}],"replies":[{"embeddable":true,"href":"http:\/\/www.dgfw.info\/de\/wp-json\/wp\/v2\/comments?post=32"}],"version-history":[{"count":9,"href":"http:\/\/www.dgfw.info\/de\/wp-json\/wp\/v2\/pages\/32\/revisions"}],"predecessor-version":[{"id":440,"href":"http:\/\/www.dgfw.info\/de\/wp-json\/wp\/v2\/pages\/32\/revisions\/440"}],"wp:attachment":[{"href":"http:\/\/www.dgfw.info\/de\/wp-json\/wp\/v2\/media?parent=32"}],"curies":[{"name":"wp","href":"https:\/\/api.w.org\/{rel}","templated":true}]}}